{"id":1487,"date":"2025-10-24T22:12:35","date_gmt":"2025-10-24T20:12:35","guid":{"rendered":"https:\/\/www.radiestesiaymundoespiritual.es\/?page_id=1487"},"modified":"2025-10-26T14:31:24","modified_gmt":"2025-10-26T13:31:24","slug":"libros-y-otras-cosas-que-recomiendo-ver-o-leer","status":"publish","type":"page","link":"https:\/\/www.radiestesiaymundoespiritual.es\/en\/libros-y-otras-cosas-que-recomiendo-ver-o-leer\/","title":{"rendered":"Libros y otras cosas que recomiendo ver o leer"},"content":{"rendered":"<section style=\"background-color:#fdf8f2; padding:50px 20px; font-family:'Georgia',serif; color:#4b2e05;\">\n<h2 style=\"text-align:center; font-size:32px; color:#b88a00; margin-bottom:10px;\">\ud83d\udcda Libros recomendados<\/h2>\n<p style=\"text-align:center; font-style:italic; color:#8b5e00; margin-bottom:40px;\">\n    Aqu\u00ed os comparto algunos libros ca\u00eddos directamente del Cielo.<\/p>\n<div style=\"display:grid; grid-template-columns:repeat(auto-fit,minmax(280px,1fr)); gap:25px;\">\n<p>    <!-- Emmet Fox --><\/p>\n<div style=\"background:#fffaf3; border:1px solid #f0e2c4; border-radius:12px; padding:20px; box-shadow:0 2px 6px rgba(0,0,0,.05);\">\n<h3 style=\"text-align:center; color:#b88a00;\">EMMET FOX<\/h3>\n<p>*The Sermon on the Mount (El Serm\u00f3n del Monte)*<br \/>\n*Power Through Constructive Thinking (Poder a trav\u00e9s del pensamiento constructivo)*<br \/>\n*The Golden Key (La Llave Dorada)*<br \/>\n*The Seven Day Mental Diet (La dieta mental de siete d\u00edas)*<br \/>\n*Find and Use Your Inner Power (Encuentra y utiliza tu poder interior)*\u2026<\/p>\n<\/div>\n<p><!-- Eben Alexander (con v\u00eddeo) --><\/p>\n<div style=\"background:#fffaf3; border:1px solid #f0e2c4; border-radius:12px; padding:20px; box-shadow:0 2px 6px rgba(0,0,0,.05);\">\n<h3 style=\"text-align:center; color:#b88a00;\">EBEN ALEXANDER<\/h3>\n<p>*Proof of Heaven (La prueba del cielo)*<br \/>\n*The Map of Heaven (El mapa del cielo)*<br \/>\n*Living in a Mindful Universe (Viviendo en un universo consciente)*\u2026<\/p>\n<p style=\"text-align:center; margin-top:10px; font-style:italic;\">La MEDICINA ya acepta la supraconciencia<\/p>\n<p style=\"text-align:center; margin:0;\">\n        <a href=\"https:\/\/www.youtube.com\/watch?v=GsF9GkYoWos\" target=\"_blank\" rel=\"noopener\" style=\"display:inline-block; padding:10px 14px; border-radius:10px; background:#b88a00; color:#fff; text-decoration:none; font-weight:bold;\"><br \/>\n\u25b6 Ver en YouTube<br \/>\n<\/a><\/p>\n<\/div>\n<p><!-- Elizabeth K\u00fcbler-Ross (con v\u00eddeo) --><\/p>\n<div style=\"background:#fffaf3; border:1px solid #f0e2c4; border-radius:12px; padding:20px; box-shadow:0 2px 6px rgba(0,0,0,.05);\">\n<h3 style=\"text-align:center; color:#b88a00;\">ELIZABETH K\u00dcBLER-ROSS<\/h3>\n<p>*On Death and Dying (Sobre la muerte y los moribundos)*<br \/>\n*Life Lessons (Lecciones de vida)*<br \/>\n*The Wheel of Life (La rueda de la vida)*<br \/>\n*Death: The Final Stage of Growth (La muerte: la \u00faltima etapa del crecimiento)*\u2026<\/p>\n<p style=\"text-align:center; margin-top:10px; font-style:italic;\">\u201cLa mujer que mir\u00f3 la muerte a la cara\u201d<\/p>\n<p style=\"text-align:center; margin:0;\">\n        <a href=\"https:\/\/www.youtube.com\/watch?v=6lxQBSYatNo&amp;t=3s\" target=\"_blank\" rel=\"noopener\" style=\"display:inline-block; padding:10px 14px; border-radius:10px; background:#b88a00; color:#fff; text-decoration:none; font-weight:bold;\"><br \/>\n\u25b6 Ver en YouTube<br \/>\n<\/a><\/p>\n<\/div>\n<p><!-- Raymond Moody (con v\u00eddeo) --><\/p>\n<div style=\"background:#fffaf3; border:1px solid #f0e2c4; border-radius:12px; padding:20px; box-shadow:0 2px 6px rgba(0,0,0,.05);\">\n<h3 style=\"text-align:center; color:#b88a00;\">RAYMOND MOODY<\/h3>\n<p>*Life After Life (Vida despu\u00e9s de la vida)*<br \/>\n*Reflections on Life After Life (Reflexiones sobre la vida despu\u00e9s de la vida)*<br \/>\n*The Light Beyond (Luz m\u00e1s all\u00e1 de la vida)*<br \/>\n*The Tunnel and the Light (El t\u00fanel y la luz)*\u2026<\/p>\n<p style=\"text-align:center; margin-top:10px; font-style:italic;\">Vida despu\u00e9s de la vida (entrevista)<\/p>\n<p style=\"text-align:center; margin:0;\">\n        <a href=\"https:\/\/www.youtube.com\/watch?v=HuzsmHwzpKc\" target=\"_blank\" rel=\"noopener\" style=\"display:inline-block; padding:10px 14px; border-radius:10px; background:#b88a00; color:#fff; text-decoration:none; font-weight:bold;\"><br \/>\n\u25b6 Ver en YouTube<br \/>\n<\/a><\/p>\n<\/div>\n<p><!-- Edith Fiore --><\/p>\n<div style=\"background:#fffaf3; border:1px solid #f0e2c4; border-radius:12px; padding:20px; box-shadow:0 2px 6px rgba(0,0,0,.05);\">\n<h3 style=\"text-align:center; color:#b88a00;\">EDITH FIORE<\/h3>\n<p>*You Have Been Here Before (T\u00fa has estado aqu\u00ed antes)*<br \/>\n*The Unquiet Dead (El viaje del alma)*<br \/>\n*Spiritual Possession and How to Remove It (La posesi\u00f3n espiritual y c\u00f3mo deshacerse de ella)*\u2026<\/p>\n<\/div>\n<p><!-- Michael Newton --><\/p>\n<div style=\"background:#fffaf3; border:1px solid #f0e2c4; border-radius:12px; padding:20px; box-shadow:0 2px 6px rgba(0,0,0,.05);\">\n<h3 style=\"text-align:center; color:#b88a00;\">MICHAEL NEWTON<\/h3>\n<p>*Journey of Souls (El viaje de las almas)*<br \/>\n*Destiny of Souls (El destino de las almas)*<br \/>\n*Life Between Lives (La vida entre vidas)*\u2026<\/p>\n<\/div>\n<p><!-- Brian Weiss --><\/p>\n<div style=\"background:#fffaf3; border:1px solid #f0e2c4; border-radius:12px; padding:20px; box-shadow:0 2px 6px rgba(0,0,0,.05);\">\n<h3 style=\"text-align:center; color:#b88a00;\">BRIAN WEISS<\/h3>\n<p>*Many Lives, Many Masters (Muchas vidas, muchos maestros)*<br \/>\n*Through Time into Healing (A trav\u00e9s del tiempo hacia la curaci\u00f3n)*<br \/>\n*Messages from the Masters (Los mensajes de los sabios)*<br \/>\n*Only Love is Real (Lazos de amor)*\u2026<\/p>\n<\/div>\n<p><!-- Dolores Cannon --><\/p>\n<div style=\"background:#fffaf3; border:1px solid #f0e2c4; border-radius:12px; padding:20px; box-shadow:0 2px 6px rgba(0,0,0,.05);\">\n<h3 style=\"text-align:center; color:#b88a00;\">DOLORES CANNON<\/h3>\n<p>*The Convoluted Universe (La convoluci\u00f3n del universo)*<br \/>\n*Between Death and Life (Entre la muerte y la vida)*<br \/>\n*The Three Waves of Volunteers (Las tres oleadas de voluntarios y la nueva Tierra)*\u2026<\/p>\n<\/div>\n<p><!-- Helen Wambach --><\/p>\n<div style=\"background:#fffaf3; border:1px solid #f0e2c4; border-radius:12px; padding:20px; box-shadow:0 2px 6px rgba(0,0,0,.05);\">\n<h3 style=\"text-align:center; color:#b88a00;\">HELEN WAMBACH<\/h3>\n<p>*Life Before Life (La vida antes de la vida)*<br \/>\n*Reliving Past Lives (Relatos de vidas pasadas)*\u2026<\/p>\n<\/div>\n<p><!-- Eckhart Tolle (con v\u00eddeo) --><\/p>\n<div style=\"background:#fffaf3; border:1px solid #f0e2c4; border-radius:12px; padding:20px; box-shadow:0 2px 6px rgba(0,0,0,.05);\">\n<h3 style=\"text-align:center; color:#b88a00;\">ECKHART TOLLE<\/h3>\n<p>*The Power of Now (El poder del ahora)*<br \/>\n*A New Earth (Una nueva Tierra)*<br \/>\n*Stillness Speaks (El silencio habla)*<br \/>\n*Practicing the Power of Now (Practicando el poder del ahora)*\u2026<\/p>\n<p style=\"text-align:center; margin-top:10px; font-style:italic;\">\u201cEl poder del ahora\u201d (entrevista)<\/p>\n<p style=\"text-align:center; margin:0;\">\n        <a href=\"https:\/\/www.youtube.com\/watch?v=gWTUDAyMXGI\" target=\"_blank\" rel=\"noopener\" style=\"display:inline-block; padding:10px 14px; border-radius:10px; background:#b88a00; color:#fff; text-decoration:none; font-weight:bold;\"><br \/>\n\u25b6 Ver en YouTube<br \/>\n<\/a><\/p>\n<\/div>\n<p><!-- Jiddu Krishnamurti --><\/p>\n<div style=\"background:#fffaf3; border:1px solid #f0e2c4; border-radius:12px; padding:20px; box-shadow:0 2px 6px rgba(0,0,0,.05);\">\n<h3 style=\"text-align:center; color:#b88a00;\">JIDDU KRISHNAMURTI<\/h3>\n<p>*Freedom from the Known (La libertad interior)*<br \/>\n*The First and Last Freedom (La primera y \u00faltima libertad)*<br \/>\n*Think on These Things (Piensa en estas cosas)*\u2026<\/p>\n<\/div>\n<p><!-- Paramahansa Yogananda --><\/p>\n<div style=\"background:#fffaf3; border:1px solid #f0e2c4; border-radius:12px; padding:20px; box-shadow:0 2px 6px rgba(0,0,0,.05);\">\n<h3 style=\"text-align:center; color:#b88a00;\">PARAMAHANSA YOGANANDA<\/h3>\n<p>*Autobiography of a Yogi (Autobiograf\u00eda de un yogui)*<br \/>\n*God Talks with Arjuna (Dios habla con Arjuna: el Bhagavad Gita)*<br \/>\n*Scientific Healing Affirmations (Afirmaciones cient\u00edficas para la curaci\u00f3n)*\u2026<\/p>\n<\/div>\n<p><!-- Wayne Dyer (con v\u00eddeo) --><\/p>\n<div style=\"background:#fffaf3; border:1px solid #f0e2c4; border-radius:12px; padding:20px; box-shadow:0 2px 6px rgba(0,0,0,.05);\">\n<h3 style=\"text-align:center; color:#b88a00;\">WAYNE DYER<\/h3>\n<p>*Your Erroneous Zones (Tus zonas err\u00f3neas)*<br \/>\n*The Power of Intention (El poder de la intenci\u00f3n)*<br \/>\n*Change Your Thoughts, Change Your Life (Cambia tus pensamientos, cambia tu vida)*\u2026<\/p>\n<p style=\"text-align:center; margin-top:10px; font-style:italic;\">\u201cEl Cambio\u201d (documental completo en espa\u00f1ol)<\/p>\n<p style=\"text-align:center; margin:0;\">\n        <a href=\"https:\/\/www.youtube.com\/watch?v=Tt6WrtRwyhc\" target=\"_blank\" rel=\"noopener\" style=\"display:inline-block; padding:10px 14px; border-radius:10px; background:#b88a00; color:#fff; text-decoration:none; font-weight:bold;\"><br \/>\n\u25b6 Ver en YouTube<br \/>\n<\/a><\/p>\n<\/div>\n<p><!-- Louise Hay --><\/p>\n<div style=\"background:#fffaf3; border:1px solid #f0e2c4; border-radius:12px; padding:20px; box-shadow:0 2px 6px rgba(0,0,0,.05);\">\n<h3 style=\"text-align:center; color:#b88a00;\">LOUISE HAY<\/h3>\n<p>*You Can Heal Your Life (Usted puede sanar su vida)*<br \/>\n*The Power Is Within You (El poder est\u00e1 dentro de ti)*<br \/>\n*Heal Your Body (Sana tu cuerpo)*\u2026<\/p>\n<\/div>\n<p><!-- Dr. Jos\u00e9 Miguel Gaona (con v\u00eddeo) --><\/p>\n<div style=\"background:#fffaf3; border:1px solid #f0e2c4; border-radius:12px; padding:20px; box-shadow:0 2px 6px rgba(0,0,0,.05);\">\n<h3 style=\"text-align:center; color:#b88a00;\">DR. JOS\u00c9 MIGUEL GAONA<\/h3>\n<p>*El L\u00edmite*<br \/>\n*Al otro lado del t\u00fanel*<br \/>\n*El secreto de la conciencia*\u2026<\/p>\n<p style=\"text-align:center; margin-top:10px; font-style:italic;\">\u201cNuestra charla secreta | Dr. Gaona\u201d<\/p>\n<p style=\"text-align:center; margin:0;\">\n        <a href=\"https:\/\/www.youtube.com\/watch?v=y4sMecS0ImE\" target=\"_blank\" rel=\"noopener\" style=\"display:inline-block; padding:10px 14px; border-radius:10px; background:#b88a00; color:#fff; text-decoration:none; font-weight:bold;\"><br \/>\n\u25b6 Ver en YouTube<br \/>\n<\/a><\/p>\n<\/div>\n<p><!-- Dr. Manuel Sans Segarra (con v\u00eddeo) --><\/p>\n<div style=\"background:#fffaf3; border:1px solid #f0e2c4; border-radius:12px; padding:20px; box-shadow:0 2px 6px rgba(0,0,0,.05);\">\n<h3 style=\"text-align:center; color:#b88a00;\">DR. MANUEL SANS SEGARRA<\/h3>\n<p>*La evoluci\u00f3n del alma*<br \/>\n*Cuerpo y alma: dos caras de la realidad*\u2026<\/p>\n<p style=\"text-align:center; margin-top:10px; font-style:italic;\">\u201cVida Eterna | Conversaci\u00f3n con el Dr. Sans Segarra\u201d<\/p>\n<p style=\"text-align:center; margin:0;\">\n        <a href=\"https:\/\/www.youtube.com\/watch?v=-_Yx6Mbvqgw\" target=\"_blank\" rel=\"noopener\" style=\"display:inline-block; padding:10px 14px; border-radius:10px; background:#b88a00; color:#fff; text-decoration:none; font-weight:bold;\"><br \/>\n\u25b6 Ver en YouTube<br \/>\n<\/a><\/p>\n<\/div>\n<p><!-- Dr. Juan Jos\u00e9 L\u00f3pez Mart\u00ednez (con v\u00eddeo) --><\/p>\n<div style=\"background:#fffaf3; border:1px solid #f0e2c4; border-radius:12px; padding:20px; box-shadow:0 2px 6px rgba(0,0,0,.05);\">\n<h3 style=\"text-align:center; color:#b88a00;\">DR. JUAN JOS\u00c9 L\u00d3PEZ MART\u00cdNEZ<\/h3>\n<p>*La respuesta est\u00e1 en el alma*<br \/>\n*El alma antes del nacimiento y despu\u00e9s de la muerte*<br \/>\n*Terapia Regresiva. Un camino hacia el alma*\u2026<\/p>\n<p style=\"text-align:center; margin-top:10px; font-style:italic;\">\u201cLa muerte no existe\u201d (conferencia)<\/p>\n<p style=\"text-align:center; margin:0;\">\n        <a href=\"https:\/\/www.youtube.com\/watch?v=i4tht2-oUlY\" target=\"_blank\" rel=\"noopener\" style=\"display:inline-block; padding:10px 14px; border-radius:10px; background:#b88a00; color:#fff; text-decoration:none; font-weight:bold;\"><br \/>\n\u25b6 Ver en YouTube<br \/>\n<\/a><\/p>\n<\/div>\n<\/div>\n<div style=\"text-align:center; margin-top:50px; color:#704f12; font-style:italic;\">\n<p>A cada uno en la vida le llega aquello que necesita para su proceso de desarrollo espiritual, justo lo que necesita en su nivel concreto.<br \/>\nYo os recomiendo estos libros; tal vez alguno os ayude en vuestro despertar.<br \/>\nCon todo mi amor.<\/p>\n<p style=\"margin-top:15px; color:#b88a00; font-weight:bold;\">Ram\u00f3n \u2013 Radiestesia y Mundo Espiritual<\/p>\n<\/div>\n<\/section>","protected":false},"excerpt":{"rendered":"<p>\ud83d\udcda Libros recomendados Aqu\u00ed os comparto algunos libros ca\u00eddos directamente [&hellip;]<\/p>","protected":false},"author":1,"featured_media":0,"parent":0,"menu_order":0,"comment_status":"closed","ping_status":"closed","template":"","meta":[],"yoast_head":"<!-- This site is optimized with the Yoast SEO plugin v16.8 - https:\/\/yoast.com\/wordpress\/plugins\/seo\/ -->\n<title>Libros y otras cosas que recomiendo ver o leer - Radiestesia y Mundo Espiritual<\/title>\n<meta name=\"robots\" content=\"index, follow, max-snippet:-1, max-image-preview:large, max-video-preview:-1\" \/>\n<link rel=\"canonical\" href=\"https:\/\/www.radiestesiaymundoespiritual.es\/en\/libros-y-otras-cosas-que-recomiendo-ver-o-leer\/\" \/>\n<meta property=\"og:locale\" content=\"en_US\" \/>\n<meta property=\"og:type\" content=\"article\" \/>\n<meta property=\"og:title\" content=\"Libros y otras cosas que recomiendo ver o leer - Radiestesia y Mundo Espiritual\" \/>\n<meta property=\"og:description\" content=\"\ud83d\udcda Libros recomendados Aqu\u00ed os comparto algunos libros ca\u00eddos directamente [&hellip;]\" \/>\n<meta property=\"og:url\" content=\"https:\/\/www.radiestesiaymundoespiritual.es\/en\/libros-y-otras-cosas-que-recomiendo-ver-o-leer\/\" \/>\n<meta property=\"og:site_name\" content=\"Radiestesia y Mundo Espiritual\" \/>\n<meta property=\"article:modified_time\" content=\"2025-10-26T13:31:24+00:00\" \/>\n<meta name=\"twitter:card\" content=\"summary_large_image\" \/>\n<meta name=\"twitter:label1\" content=\"Est. reading time\" \/>\n\t<meta name=\"twitter:data1\" content=\"3 minutes\" \/>\n<script type=\"application\/ld+json\" class=\"yoast-schema-graph\">{\"@context\":\"https:\/\/schema.org\",\"@graph\":[{\"@type\":[\"Person\",\"Organization\"],\"@id\":\"https:\/\/www.radiestesiaymundoespiritual.es\/#\/schema\/person\/19ecd82ce2c0206e4b00636da3db429f\",\"name\":\"RamonFenoll\",\"image\":{\"@type\":\"ImageObject\",\"@id\":\"https:\/\/www.radiestesiaymundoespiritual.es\/#personlogo\",\"inLanguage\":\"en-US\",\"url\":\"https:\/\/secure.gravatar.com\/avatar\/d05515a371f03b2aebd1a859b5245d76?s=96&d=mm&r=g\",\"contentUrl\":\"https:\/\/secure.gravatar.com\/avatar\/d05515a371f03b2aebd1a859b5245d76?s=96&d=mm&r=g\",\"caption\":\"RamonFenoll\"},\"logo\":{\"@id\":\"https:\/\/www.radiestesiaymundoespiritual.es\/#personlogo\"}},{\"@type\":\"WebSite\",\"@id\":\"https:\/\/www.radiestesiaymundoespiritual.es\/#website\",\"url\":\"https:\/\/www.radiestesiaymundoespiritual.es\/\",\"name\":\"Radiestesia y Mundo Espiritual\",\"description\":\"\",\"publisher\":{\"@id\":\"https:\/\/www.radiestesiaymundoespiritual.es\/#\/schema\/person\/19ecd82ce2c0206e4b00636da3db429f\"},\"potentialAction\":[{\"@type\":\"SearchAction\",\"target\":{\"@type\":\"EntryPoint\",\"urlTemplate\":\"https:\/\/www.radiestesiaymundoespiritual.es\/?s={search_term_string}\"},\"query-input\":\"required name=search_term_string\"}],\"inLanguage\":\"en-US\"},{\"@type\":\"WebPage\",\"@id\":\"https:\/\/www.radiestesiaymundoespiritual.es\/libros-y-otras-cosas-que-recomiendo-ver-o-leer\/#webpage\",\"url\":\"https:\/\/www.radiestesiaymundoespiritual.es\/libros-y-otras-cosas-que-recomiendo-ver-o-leer\/\",\"name\":\"Libros y otras cosas que recomiendo ver o leer - Radiestesia y Mundo Espiritual\",\"isPartOf\":{\"@id\":\"https:\/\/www.radiestesiaymundoespiritual.es\/#website\"},\"datePublished\":\"2025-10-24T20:12:35+00:00\",\"dateModified\":\"2025-10-26T13:31:24+00:00\",\"breadcrumb\":{\"@id\":\"https:\/\/www.radiestesiaymundoespiritual.es\/libros-y-otras-cosas-que-recomiendo-ver-o-leer\/#breadcrumb\"},\"inLanguage\":\"en-US\",\"potentialAction\":[{\"@type\":\"ReadAction\",\"target\":[\"https:\/\/www.radiestesiaymundoespiritual.es\/libros-y-otras-cosas-que-recomiendo-ver-o-leer\/\"]}]},{\"@type\":\"BreadcrumbList\",\"@id\":\"https:\/\/www.radiestesiaymundoespiritual.es\/libros-y-otras-cosas-que-recomiendo-ver-o-leer\/#breadcrumb\",\"itemListElement\":[{\"@type\":\"ListItem\",\"position\":1,\"name\":\"Portada\",\"item\":\"https:\/\/www.radiestesiaymundoespiritual.es\/\"},{\"@type\":\"ListItem\",\"position\":2,\"name\":\"Libros y otras cosas que recomiendo ver o leer\"}]}]}<\/script>\n<!-- \/ Yoast SEO plugin. -->","yoast_head_json":{"title":"Libros y otras cosas que recomiendo ver o leer - Radiestesia y Mundo Espiritual","robots":{"index":"index","follow":"follow","max-snippet":"max-snippet:-1","max-image-preview":"max-image-preview:large","max-video-preview":"max-video-preview:-1"},"canonical":"https:\/\/www.radiestesiaymundoespiritual.es\/en\/libros-y-otras-cosas-que-recomiendo-ver-o-leer\/","og_locale":"en_US","og_type":"article","og_title":"Libros y otras cosas que recomiendo ver o leer - Radiestesia y Mundo Espiritual","og_description":"\ud83d\udcda Libros recomendados Aqu\u00ed os comparto algunos libros ca\u00eddos directamente [&hellip;]","og_url":"https:\/\/www.radiestesiaymundoespiritual.es\/en\/libros-y-otras-cosas-que-recomiendo-ver-o-leer\/","og_site_name":"Radiestesia y Mundo Espiritual","article_modified_time":"2025-10-26T13:31:24+00:00","twitter_card":"summary_large_image","twitter_misc":{"Est. reading time":"3 minutes"},"schema":{"@context":"https:\/\/schema.org","@graph":[{"@type":["Person","Organization"],"@id":"https:\/\/www.radiestesiaymundoespiritual.es\/#\/schema\/person\/19ecd82ce2c0206e4b00636da3db429f","name":"RamonFenoll","image":{"@type":"ImageObject","@id":"https:\/\/www.radiestesiaymundoespiritual.es\/#personlogo","inLanguage":"en-US","url":"https:\/\/secure.gravatar.com\/avatar\/d05515a371f03b2aebd1a859b5245d76?s=96&d=mm&r=g","contentUrl":"https:\/\/secure.gravatar.com\/avatar\/d05515a371f03b2aebd1a859b5245d76?s=96&d=mm&r=g","caption":"RamonFenoll"},"logo":{"@id":"https:\/\/www.radiestesiaymundoespiritual.es\/#personlogo"}},{"@type":"WebSite","@id":"https:\/\/www.radiestesiaymundoespiritual.es\/#website","url":"https:\/\/www.radiestesiaymundoespiritual.es\/","name":"Radiestesia y Mundo Espiritual","description":"","publisher":{"@id":"https:\/\/www.radiestesiaymundoespiritual.es\/#\/schema\/person\/19ecd82ce2c0206e4b00636da3db429f"},"potentialAction":[{"@type":"SearchAction","target":{"@type":"EntryPoint","urlTemplate":"https:\/\/www.radiestesiaymundoespiritual.es\/?s={search_term_string}"},"query-input":"required name=search_term_string"}],"inLanguage":"en-US"},{"@type":"WebPage","@id":"https:\/\/www.radiestesiaymundoespiritual.es\/libros-y-otras-cosas-que-recomiendo-ver-o-leer\/#webpage","url":"https:\/\/www.radiestesiaymundoespiritual.es\/libros-y-otras-cosas-que-recomiendo-ver-o-leer\/","name":"Libros y otras cosas que recomiendo ver o leer - Radiestesia y Mundo Espiritual","isPartOf":{"@id":"https:\/\/www.radiestesiaymundoespiritual.es\/#website"},"datePublished":"2025-10-24T20:12:35+00:00","dateModified":"2025-10-26T13:31:24+00:00","breadcrumb":{"@id":"https:\/\/www.radiestesiaymundoespiritual.es\/libros-y-otras-cosas-que-recomiendo-ver-o-leer\/#breadcrumb"},"inLanguage":"en-US","potentialAction":[{"@type":"ReadAction","target":["https:\/\/www.radiestesiaymundoespiritual.es\/libros-y-otras-cosas-que-recomiendo-ver-o-leer\/"]}]},{"@type":"BreadcrumbList","@id":"https:\/\/www.radiestesiaymundoespiritual.es\/libros-y-otras-cosas-que-recomiendo-ver-o-leer\/#breadcrumb","itemListElement":[{"@type":"ListItem","position":1,"name":"Portada","item":"https:\/\/www.radiestesiaymundoespiritual.es\/"},{"@type":"ListItem","position":2,"name":"Libros y otras cosas que recomiendo ver o leer"}]}]}},"_links":{"self":[{"href":"https:\/\/www.radiestesiaymundoespiritual.es\/en\/wp-json\/wp\/v2\/pages\/1487"}],"collection":[{"href":"https:\/\/www.radiestesiaymundoespiritual.es\/en\/wp-json\/wp\/v2\/pages"}],"about":[{"href":"https:\/\/www.radiestesiaymundoespiritual.es\/en\/wp-json\/wp\/v2\/types\/page"}],"author":[{"embeddable":true,"href":"https:\/\/www.radiestesiaymundoespiritual.es\/en\/wp-json\/wp\/v2\/users\/1"}],"replies":[{"embeddable":true,"href":"https:\/\/www.radiestesiaymundoespiritual.es\/en\/wp-json\/wp\/v2\/comments?post=1487"}],"version-history":[{"count":2,"href":"https:\/\/www.radiestesiaymundoespiritual.es\/en\/wp-json\/wp\/v2\/pages\/1487\/revisions"}],"predecessor-version":[{"id":1499,"href":"https:\/\/www.radiestesiaymundoespiritual.es\/en\/wp-json\/wp\/v2\/pages\/1487\/revisions\/1499"}],"wp:attachment":[{"href":"https:\/\/www.radiestesiaymundoespiritual.es\/en\/wp-json\/wp\/v2\/media?parent=1487"}],"curies":[{"name":"wp","href":"https:\/\/api.w.org\/{rel}","templated":true}]}}