{"id":1043,"date":"2021-05-14T18:59:01","date_gmt":"2021-05-14T16:59:01","guid":{"rendered":"https:\/\/www.radiestesiaymundoespiritual.es\/?page_id=1043"},"modified":"2025-10-23T15:10:10","modified_gmt":"2025-10-23T13:10:10","slug":"curso-de-radiestesia-espiritual","status":"publish","type":"page","link":"https:\/\/www.radiestesiaymundoespiritual.es\/en\/curso-de-radiestesia-espiritual\/","title":{"rendered":"Spiritual Dowsing Course"},"content":{"rendered":"<section style=\"max-width:980px; margin:36px auto; padding:0 16px; font-size:16.5px; line-height:1.85;\">\n  <h2 style=\"text-align:center; margin:0 0 10px;\">\u2728 Curso de Radiestesia Espiritual \u2728<\/h2>\n  \n  <p style=\"text-align:center;\">\n    \u00bfTe resuena profundamente lo que hago? Si sientes la llamada de la Radiestesia Espiritual, este curso te ayudar\u00e1 a conectar con tus Gu\u00edas,\n    comprender tu alma y servir a la Luz con consciencia y amor.\n  <\/p>\n\n  <p style=\"text-align:center;\">\n    Puedes comenzar con mis libros canalizados: \u201cRadiestesia y Mundo Espiritual I, II y III\u201d y \u201cConocer\u00e1s a Dios\u201d, disponibles en la secci\u00f3n Libros de esta web.\n  <\/p>\n\n  <p style=\"text-align:center;\">\n    El curso est\u00e1 estructurado en <strong>15 cap\u00edtulos<\/strong> con v\u00eddeos explicativos para facilitar la integraci\u00f3n del conocimiento.\n  <\/p>\n\n  <hr style=\"margin:22px 0; border:none; border-top:1px solid #eee;\">\n\n  <h3 style=\"text-align:center; margin:0 0 12px;\">\ud83d\udcb0 Precio del curso<\/h3>\n  <p style=\"text-align:center; margin:0 0 16px; font-size:18px;\">\n    <strong>120 \u20ac (pago \u00fanico)<\/strong>\n  <\/p>\n\n  <!-- BOT\u00d3N DE PAGO PAYPAL CENTRADO -->\n  <div style=\"text-align:center; margin:20px 0;\">\n    <div id=\"paypal-button-container-curso\" style=\"display:inline-block;\"><\/div>\n  <\/div>\n\n  <script src=\"https:\/\/www.paypal.com\/sdk\/js?client-id=AS8861z2CRSw82OB9z-SA93yjfZ2anmpCQBG9mKhDioTsHqKRYSTbgB8I3hbiwe64yCNo-bTLpG_13Ub&#038;currency=EUR&#038;locale=es_ES\"><\/script>\n  <script>\n    paypal.Buttons({\n      style: { shape: 'pill', color: 'blue', layout: 'vertical', label: 'buynow' },\n      createOrder: function(data, actions) {\n        return actions.order.create({\n          purchase_units: [{\n            description: 'Curso de Radiestesia Espiritual (acceso completo)',\n            amount: { value: '120.00' }\n          }]\n        });\n      },\n      onApprove: function(data, actions) {\n        return actions.order.capture().then(function(details) {\n          alert('\u00a1Gracias, ' + details.payer.name.given_name + '! Te enviar\u00e9 la contrase\u00f1a del \u00e1rea privada del curso por correo.');\n        });\n      }\n    }).render('#paypal-button-container-curso');\n  <\/script>\n\n  <hr style=\"margin:24px 0; border:none; border-top:1px solid #eee;\">\n\n  <h3 style=\"text-align:center; margin:0 0 12px;\">\ud83d\udd12 Acceso al \u00c1rea Privada<\/h3>\n  <p style=\"text-align:center; margin:0 0 16px;\">\n    Tras completar el pago, recibir\u00e1s por correo la <strong>contrase\u00f1a<\/strong> para acceder al \u00e1rea privada del curso.\n  <\/p>\n\n  <div style=\"text-align:center; margin-top:10px;\">\n    <a href=\"https:\/\/www.radiestesiaymundoespiritual.es\/en\/area-privada-del-curso-de-radiestesia-espiritual\/\"\n       style=\"display:inline-block; padding:12px 22px; border-radius:10px; background:#0b69ff; color:#fff; text-decoration:none; font-weight:700;\">\n      Entrar al \u00c1rea Privada del Curso\n    <\/a>\n  <\/div>\n\n  <p style=\"text-align:center; margin:12px 0 0; font-size:14.5px; color:#666;\">\n    Si ya compraste el curso y tienes la contrase\u00f1a, puedes acceder directamente desde aqu\u00ed.\n  <\/p>\n<\/section>","protected":false},"excerpt":{"rendered":"<p>\u2728 Curso de Radiestesia Espiritual \u2728 \u00bfTe resuena profundamente lo [&hellip;]<\/p>","protected":false},"author":1,"featured_media":0,"parent":0,"menu_order":0,"comment_status":"closed","ping_status":"closed","template":"","meta":[],"yoast_head":"<!-- This site is optimized with the Yoast SEO plugin v16.8 - https:\/\/yoast.com\/wordpress\/plugins\/seo\/ -->\n<title>Curso de Radiestesia Espiritual - Radiestesia y Mundo Espiritual<\/title>\n<meta name=\"robots\" content=\"index, follow, max-snippet:-1, max-image-preview:large, max-video-preview:-1\" \/>\n<link rel=\"canonical\" href=\"https:\/\/www.radiestesiaymundoespiritual.es\/en\/curso-de-radiestesia-espiritual\/\" \/>\n<meta property=\"og:locale\" content=\"en_US\" \/>\n<meta property=\"og:type\" content=\"article\" \/>\n<meta property=\"og:title\" content=\"Curso de Radiestesia Espiritual - Radiestesia y Mundo Espiritual\" \/>\n<meta property=\"og:description\" content=\"\u2728 Curso de Radiestesia Espiritual \u2728 \u00bfTe resuena profundamente lo [&hellip;]\" \/>\n<meta property=\"og:url\" content=\"https:\/\/www.radiestesiaymundoespiritual.es\/en\/curso-de-radiestesia-espiritual\/\" \/>\n<meta property=\"og:site_name\" content=\"Radiestesia y Mundo Espiritual\" \/>\n<meta property=\"article:modified_time\" content=\"2025-10-23T13:10:10+00:00\" \/>\n<meta name=\"twitter:card\" content=\"summary_large_image\" \/>\n<meta name=\"twitter:label1\" content=\"Est. reading time\" \/>\n\t<meta name=\"twitter:data1\" content=\"1 minute\" \/>\n<script type=\"application\/ld+json\" class=\"yoast-schema-graph\">{\"@context\":\"https:\/\/schema.org\",\"@graph\":[{\"@type\":[\"Person\",\"Organization\"],\"@id\":\"https:\/\/www.radiestesiaymundoespiritual.es\/#\/schema\/person\/19ecd82ce2c0206e4b00636da3db429f\",\"name\":\"RamonFenoll\",\"image\":{\"@type\":\"ImageObject\",\"@id\":\"https:\/\/www.radiestesiaymundoespiritual.es\/#personlogo\",\"inLanguage\":\"en-US\",\"url\":\"https:\/\/secure.gravatar.com\/avatar\/d05515a371f03b2aebd1a859b5245d76?s=96&d=mm&r=g\",\"contentUrl\":\"https:\/\/secure.gravatar.com\/avatar\/d05515a371f03b2aebd1a859b5245d76?s=96&d=mm&r=g\",\"caption\":\"RamonFenoll\"},\"logo\":{\"@id\":\"https:\/\/www.radiestesiaymundoespiritual.es\/#personlogo\"}},{\"@type\":\"WebSite\",\"@id\":\"https:\/\/www.radiestesiaymundoespiritual.es\/#website\",\"url\":\"https:\/\/www.radiestesiaymundoespiritual.es\/\",\"name\":\"Radiestesia y Mundo Espiritual\",\"description\":\"\",\"publisher\":{\"@id\":\"https:\/\/www.radiestesiaymundoespiritual.es\/#\/schema\/person\/19ecd82ce2c0206e4b00636da3db429f\"},\"potentialAction\":[{\"@type\":\"SearchAction\",\"target\":{\"@type\":\"EntryPoint\",\"urlTemplate\":\"https:\/\/www.radiestesiaymundoespiritual.es\/?s={search_term_string}\"},\"query-input\":\"required name=search_term_string\"}],\"inLanguage\":\"en-US\"},{\"@type\":\"WebPage\",\"@id\":\"https:\/\/www.radiestesiaymundoespiritual.es\/curso-de-radiestesia-espiritual\/#webpage\",\"url\":\"https:\/\/www.radiestesiaymundoespiritual.es\/curso-de-radiestesia-espiritual\/\",\"name\":\"Curso de Radiestesia Espiritual - Radiestesia y Mundo Espiritual\",\"isPartOf\":{\"@id\":\"https:\/\/www.radiestesiaymundoespiritual.es\/#website\"},\"datePublished\":\"2021-05-14T16:59:01+00:00\",\"dateModified\":\"2025-10-23T13:10:10+00:00\",\"breadcrumb\":{\"@id\":\"https:\/\/www.radiestesiaymundoespiritual.es\/curso-de-radiestesia-espiritual\/#breadcrumb\"},\"inLanguage\":\"en-US\",\"potentialAction\":[{\"@type\":\"ReadAction\",\"target\":[\"https:\/\/www.radiestesiaymundoespiritual.es\/curso-de-radiestesia-espiritual\/\"]}]},{\"@type\":\"BreadcrumbList\",\"@id\":\"https:\/\/www.radiestesiaymundoespiritual.es\/curso-de-radiestesia-espiritual\/#breadcrumb\",\"itemListElement\":[{\"@type\":\"ListItem\",\"position\":1,\"name\":\"Portada\",\"item\":\"https:\/\/www.radiestesiaymundoespiritual.es\/\"},{\"@type\":\"ListItem\",\"position\":2,\"name\":\"Curso de Radiestesia Espiritual\"}]}]}<\/script>\n<!-- \/ Yoast SEO plugin. -->","yoast_head_json":{"title":"Curso de Radiestesia Espiritual - Radiestesia y Mundo Espiritual","robots":{"index":"index","follow":"follow","max-snippet":"max-snippet:-1","max-image-preview":"max-image-preview:large","max-video-preview":"max-video-preview:-1"},"canonical":"https:\/\/www.radiestesiaymundoespiritual.es\/en\/curso-de-radiestesia-espiritual\/","og_locale":"en_US","og_type":"article","og_title":"Curso de Radiestesia Espiritual - Radiestesia y Mundo Espiritual","og_description":"\u2728 Curso de Radiestesia Espiritual \u2728 \u00bfTe resuena profundamente lo [&hellip;]","og_url":"https:\/\/www.radiestesiaymundoespiritual.es\/en\/curso-de-radiestesia-espiritual\/","og_site_name":"Radiestesia y Mundo Espiritual","article_modified_time":"2025-10-23T13:10:10+00:00","twitter_card":"summary_large_image","twitter_misc":{"Est. reading time":"1 minute"},"schema":{"@context":"https:\/\/schema.org","@graph":[{"@type":["Person","Organization"],"@id":"https:\/\/www.radiestesiaymundoespiritual.es\/#\/schema\/person\/19ecd82ce2c0206e4b00636da3db429f","name":"RamonFenoll","image":{"@type":"ImageObject","@id":"https:\/\/www.radiestesiaymundoespiritual.es\/#personlogo","inLanguage":"en-US","url":"https:\/\/secure.gravatar.com\/avatar\/d05515a371f03b2aebd1a859b5245d76?s=96&d=mm&r=g","contentUrl":"https:\/\/secure.gravatar.com\/avatar\/d05515a371f03b2aebd1a859b5245d76?s=96&d=mm&r=g","caption":"RamonFenoll"},"logo":{"@id":"https:\/\/www.radiestesiaymundoespiritual.es\/#personlogo"}},{"@type":"WebSite","@id":"https:\/\/www.radiestesiaymundoespiritual.es\/#website","url":"https:\/\/www.radiestesiaymundoespiritual.es\/","name":"Radiestesia y Mundo Espiritual","description":"","publisher":{"@id":"https:\/\/www.radiestesiaymundoespiritual.es\/#\/schema\/person\/19ecd82ce2c0206e4b00636da3db429f"},"potentialAction":[{"@type":"SearchAction","target":{"@type":"EntryPoint","urlTemplate":"https:\/\/www.radiestesiaymundoespiritual.es\/?s={search_term_string}"},"query-input":"required name=search_term_string"}],"inLanguage":"en-US"},{"@type":"WebPage","@id":"https:\/\/www.radiestesiaymundoespiritual.es\/curso-de-radiestesia-espiritual\/#webpage","url":"https:\/\/www.radiestesiaymundoespiritual.es\/curso-de-radiestesia-espiritual\/","name":"Curso de Radiestesia Espiritual - Radiestesia y Mundo Espiritual","isPartOf":{"@id":"https:\/\/www.radiestesiaymundoespiritual.es\/#website"},"datePublished":"2021-05-14T16:59:01+00:00","dateModified":"2025-10-23T13:10:10+00:00","breadcrumb":{"@id":"https:\/\/www.radiestesiaymundoespiritual.es\/curso-de-radiestesia-espiritual\/#breadcrumb"},"inLanguage":"en-US","potentialAction":[{"@type":"ReadAction","target":["https:\/\/www.radiestesiaymundoespiritual.es\/curso-de-radiestesia-espiritual\/"]}]},{"@type":"BreadcrumbList","@id":"https:\/\/www.radiestesiaymundoespiritual.es\/curso-de-radiestesia-espiritual\/#breadcrumb","itemListElement":[{"@type":"ListItem","position":1,"name":"Portada","item":"https:\/\/www.radiestesiaymundoespiritual.es\/"},{"@type":"ListItem","position":2,"name":"Curso de Radiestesia Espiritual"}]}]}},"_links":{"self":[{"href":"https:\/\/www.radiestesiaymundoespiritual.es\/en\/wp-json\/wp\/v2\/pages\/1043"}],"collection":[{"href":"https:\/\/www.radiestesiaymundoespiritual.es\/en\/wp-json\/wp\/v2\/pages"}],"about":[{"href":"https:\/\/www.radiestesiaymundoespiritual.es\/en\/wp-json\/wp\/v2\/types\/page"}],"author":[{"embeddable":true,"href":"https:\/\/www.radiestesiaymundoespiritual.es\/en\/wp-json\/wp\/v2\/users\/1"}],"replies":[{"embeddable":true,"href":"https:\/\/www.radiestesiaymundoespiritual.es\/en\/wp-json\/wp\/v2\/comments?post=1043"}],"version-history":[{"count":50,"href":"https:\/\/www.radiestesiaymundoespiritual.es\/en\/wp-json\/wp\/v2\/pages\/1043\/revisions"}],"predecessor-version":[{"id":1449,"href":"https:\/\/www.radiestesiaymundoespiritual.es\/en\/wp-json\/wp\/v2\/pages\/1043\/revisions\/1449"}],"wp:attachment":[{"href":"https:\/\/www.radiestesiaymundoespiritual.es\/en\/wp-json\/wp\/v2\/media?parent=1043"}],"curies":[{"name":"wp","href":"https:\/\/api.w.org\/{rel}","templated":true}]}}